{"id":1705,"date":"2013-07-06T10:45:13","date_gmt":"2013-07-06T10:45:13","guid":{"rendered":"http:\/\/www.amicio-oberstimm.de\/?page_id=1705"},"modified":"2013-12-25T10:24:40","modified_gmt":"2013-12-25T10:24:40","slug":"gaufredl-bobbycar-auf-dem-grosglockner","status":"publish","type":"page","link":"https:\/\/www.amicio-oberstimm.de\/?page_id=1705","title":{"rendered":"GauFredl &#8211; BobbyCar auf dem Gro\u00dfglockner"},"content":{"rendered":"ngg_shortcode_0_placeholder\n<p><strong><br \/>\nBobby Car auf dem Gro\u00dfglockner 3798m \u2013 der h\u00f6chste Berg \u00d6sterreichs !<\/strong><\/p>\n<p>Am 08.09.2012\u00a0 Samstag um 5:00 Uhr in der Fr\u00fche war\u2018s wieder so weit. Der dritte\u00a0 Einsatz f\u00fcr das Bobby Car. Der Extremsportler Alfred Gau und sein Fotograf diesmal\u00a0 Anton Spies starteten\u00a0 in Manching bei Ingolstadt zu Ihrer dritten Mission \u201eSTOPPT \u2013 Gewalt an Kindern\u201c. Es ging Richtung \u00d6sterreich und das Ziel war der h\u00f6chste Berg \u00d6sterreichs der Gro\u00dfglockner 3798m hoch. Nach der beeindruckenden positiven Reaktion auf die erste Mission \u201eMit dem Bobby Car auf die Zugspitze\u201c und die zweite Mission \u201eMit dem Bobby Car in der Donau\u201c war es mit dieser dritten Aktion nicht allzu gut losgegangen. Geplant war der Aufstieg in zwei Tagesetappen mit einer \u00dcbernachtung auf der St\u00fcdlh\u00fctte 2801m oder auf der Erzherzog Johannh\u00fctte 3454m. Doch alle Schlafpl\u00e4tze auf den H\u00fctten waren \u00fcberbelegt. Grund war das angek\u00fcndigte ausgezeichnete Bergwetter, seit einigen Wochen die erste Sch\u00f6nwetterperiode. F\u00fcr uns hie\u00df das, wir mussten eine Biwak Nacht unter freien Himmel einplanen und somit noch mehr Gep\u00e4ck (Schlafsack und Isomatte) mit rauf schleppen.<\/p>\n<p>Um 9:30 Uhr kamen wir in Kals am Gro\u00dfglockner an. Herrliches ruhiges Sp\u00e4tsommerwetter empfing uns, eben ideale Bedingungen f\u00fcr die wahrscheinlich letzte Bobby Car Aktion in diesem Jahr 2012. An der St\u00fcdlh\u00fctte machten wir nach 2 \u00bd Stunden die erste Rast. Danach gings \u00fcber den K\u00f6dnitzgletscher in Richtung Erzherzog Johannh\u00fctte auf 3454m. Oben angekommen empfing uns eine wahre Schar an Bergsteigern und ihren Bergf\u00fchrern. Es war 14:45 Uhr. Durch einige Gespr\u00e4che erfuhren wir, dass am n\u00e4chsten Tag den Sonntag noch mehr Bergsteiger in Richtung Glockner unterwegs waren. Kurz entschlossen fasten wir den Entschluss noch am diesen Tag den Gipfel den Gro\u00dfglockners zu erklimmen, also in einem Zug von 1920m auf 3798m hoch zusteigen.<\/p>\n<p>Um genau 17:00 Uhr, 12 Stunden nach unserem Start,\u00a0 standen wir und das Bobby Car ganz alleine auf dem K\u00f6nig Glockner ! Eine grandiose Fernsicht entsch\u00e4digte uns f\u00fcr den harten und langen Aufstieg. Vor allem auch die vielen Gespr\u00e4che mit den anderen Bergsteigern \u00fcber unsere Glockner Bobby Car Mission machte uns stolz und gl\u00fccklich! Die Biwak Nacht, auf ca. 3400m, unter der einzigartigen Sternen-Milchstra\u00dfe und einem fantastischen Sonnenaufgang war noch das i-T\u00fcpfelchen auf diese Geschichte.<\/p>\n<p>Wir waren wieder tief beeindruckt und bewegt von alledem!<br \/>\nWir wollen darauf aufmerksam machen das jeder von uns und wenn\u2018s nur ein kleiner Beitrag ist, etwas \u00e4ndern kann!<br \/>\nSchon ein kleiner Schritt kann gro\u00dfes Bewegen !<\/p>\n<p>Berg Heil und Gl\u00fcck Auf !!!<br \/>\nvom Steinfredl<\/p>\n","protected":false},"excerpt":{"rendered":"<p>Bobby Car auf dem Gro\u00dfglockner 3798m \u2013 der h\u00f6chste Berg \u00d6sterreichs ! Am 08.09.2012\u00a0 Samstag um 5:00 Uhr in der Fr\u00fche war\u2018s wieder so weit. Der dritte\u00a0 Einsatz f\u00fcr das &hellip; <a title=\"GauFredl &#8211; BobbyCar auf dem Gro\u00dfglockner\" class=\"hm-read-more\" href=\"https:\/\/www.amicio-oberstimm.de\/?page_id=1705\"><span class=\"screen-reader-text\">GauFredl &#8211; BobbyCar auf dem Gro\u00dfglockner<\/span>Weiterlesen<\/a><\/p>\n","protected":false},"author":1,"featured_media":0,"parent":2655,"menu_order":60,"comment_status":"open","ping_status":"closed","template":"","meta":{"ngg_post_thumbnail":0,"footnotes":""},"class_list":["post-1705","page","type-page","status-publish","hentry"],"amp_enabled":true,"_links":{"self":[{"href":"https:\/\/www.amicio-oberstimm.de\/index.php?rest_route=\/wp\/v2\/pages\/1705","targetHints":{"allow":["GET"]}}],"collection":[{"href":"https:\/\/www.amicio-oberstimm.de\/index.php?rest_route=\/wp\/v2\/pages"}],"about":[{"href":"https:\/\/www.amicio-oberstimm.de\/index.php?rest_route=\/wp\/v2\/types\/page"}],"author":[{"embeddable":true,"href":"https:\/\/www.amicio-oberstimm.de\/index.php?rest_route=\/wp\/v2\/users\/1"}],"replies":[{"embeddable":true,"href":"https:\/\/www.amicio-oberstimm.de\/index.php?rest_route=%2Fwp%2Fv2%2Fcomments&post=1705"}],"version-history":[{"count":5,"href":"https:\/\/www.amicio-oberstimm.de\/index.php?rest_route=\/wp\/v2\/pages\/1705\/revisions"}],"predecessor-version":[{"id":1799,"href":"https:\/\/www.amicio-oberstimm.de\/index.php?rest_route=\/wp\/v2\/pages\/1705\/revisions\/1799"}],"up":[{"embeddable":true,"href":"https:\/\/www.amicio-oberstimm.de\/index.php?rest_route=\/wp\/v2\/pages\/2655"}],"wp:attachment":[{"href":"https:\/\/www.amicio-oberstimm.de\/index.php?rest_route=%2Fwp%2Fv2%2Fmedia&parent=1705"}],"curies":[{"name":"wp","href":"https:\/\/api.w.org\/{rel}","templated":true}]}}