{"id":1709,"date":"2013-07-06T10:58:48","date_gmt":"2013-07-06T10:58:48","guid":{"rendered":"http:\/\/www.amicio-oberstimm.de\/?page_id=1709"},"modified":"2013-12-25T10:24:33","modified_gmt":"2013-12-25T10:24:33","slug":"gaufredl-bobbycar-auf-dem-arararat","status":"publish","type":"page","link":"https:\/\/www.amicio-oberstimm.de\/?page_id=1709","title":{"rendered":"GauFredl &#8211; BobbyCar auf dem Ararat"},"content":{"rendered":"ngg_shortcode_0_placeholder\n<p><strong><br \/>\nSkiexpedition auf den Ararat 5137m<\/strong><\/p>\n<p>Es war kurz vor Weihnachten 2012 am Lagerfeuer auf dem AMICIO Christkindlmarkt in Oberstimm.\u00a0 Meine Bobby Car Aktionen \u201eStoppt Gewalt an Kindern\u201c in der Donau, auf der Zugspitze und auf dem Gro\u00dfglockner waren f\u00fcr mich eigentlich abgeschlossen. Nun kam aber ein Bekannter zu mir und meinte: Do werd no wos Groa\u00dfs draus aus Deiner Bobby Car Sach !<\/p>\n<p>Vor einigen Wochen w\u00e4hrend der Planungen f\u00fcr eine Ararat Skibesteigung kam mir dieser Satz wieder in Erinnerung. So fasste ich den Beschluss nochmals das alte Bobby Car meiner Kinder rauszuholen und mich langsam an den Gedanken zu gew\u00f6hnen dies auf den \u00fcber 5000m hohen Vulkan in der T\u00fcrkei zu tragen. Durch erschreckende\u00a0 Medienberichte \u00fcber die Kriegskinder aus Syrien und andere Krisenherde aus der Region um den Ararat machten meinen Beschluss nun zu\u00a0 m-einer Aufgabe!<\/p>\n<p>Am Freitag den 5.April 2013 ging es vom Flughafen M\u00fcnchen aus in Richtung der Ostanatolischen Stad Van. Von dort aus starteten wir, f\u00fcnf Skibergsteiger aus der Region Ingolstadt, zuerst auf den 3537m hohen Mount Artos und danach auf den 4058m Mount S\u00fcphan um uns langsam an die H\u00f6he zu gew\u00f6hnen. Anschlie\u00dfend fuhren wir Richtung der Stadt Dogubayazit an der iranischen Grenze wo wir via einem Basislager und einem H\u00f6henlager die Skibesteigung der Ararat versuchten. Die ganze Expedition dauert bis zum 14.April 2013 und endet mit der hoffentlich gesunden R\u00fcckkehr aller Beteiligten am Flughafen M\u00fcnchen.<br \/>\nDie Mitnahme des Bobby Cars auf die Expedition haben meine Bergkameraden erst am Tag des Abfluges erfahren.<\/p>\n<p><em>Aber die Erde war verderbt vor Gottes Augen&#8230; da sprach Gott zu Noah: Das Ende allen Fleisches ist bei mir beschlossen \u2026 ich will eine Sintflut mit Wasser kommen lassen auf Erden&#8230; (Buch Genesis Kapitel 5 bis 9)<\/em><\/p>\n<p>Berg Heil und Gl\u00fcck Auf !!!<br \/>\nvom Steinfredl<\/p>\n","protected":false},"excerpt":{"rendered":"<p>Skiexpedition auf den Ararat 5137m Es war kurz vor Weihnachten 2012 am Lagerfeuer auf dem AMICIO Christkindlmarkt in Oberstimm.\u00a0 Meine Bobby Car Aktionen \u201eStoppt Gewalt an Kindern\u201c in der Donau, &hellip; <a title=\"GauFredl &#8211; BobbyCar auf dem Ararat\" class=\"hm-read-more\" href=\"https:\/\/www.amicio-oberstimm.de\/?page_id=1709\"><span class=\"screen-reader-text\">GauFredl &#8211; BobbyCar auf dem Ararat<\/span>Weiterlesen<\/a><\/p>\n","protected":false},"author":1,"featured_media":0,"parent":2655,"menu_order":59,"comment_status":"open","ping_status":"closed","template":"","meta":{"ngg_post_thumbnail":0,"footnotes":""},"class_list":["post-1709","page","type-page","status-publish","hentry"],"amp_enabled":true,"_links":{"self":[{"href":"https:\/\/www.amicio-oberstimm.de\/index.php?rest_route=\/wp\/v2\/pages\/1709","targetHints":{"allow":["GET"]}}],"collection":[{"href":"https:\/\/www.amicio-oberstimm.de\/index.php?rest_route=\/wp\/v2\/pages"}],"about":[{"href":"https:\/\/www.amicio-oberstimm.de\/index.php?rest_route=\/wp\/v2\/types\/page"}],"author":[{"embeddable":true,"href":"https:\/\/www.amicio-oberstimm.de\/index.php?rest_route=\/wp\/v2\/users\/1"}],"replies":[{"embeddable":true,"href":"https:\/\/www.amicio-oberstimm.de\/index.php?rest_route=%2Fwp%2Fv2%2Fcomments&post=1709"}],"version-history":[{"count":5,"href":"https:\/\/www.amicio-oberstimm.de\/index.php?rest_route=\/wp\/v2\/pages\/1709\/revisions"}],"predecessor-version":[{"id":2664,"href":"https:\/\/www.amicio-oberstimm.de\/index.php?rest_route=\/wp\/v2\/pages\/1709\/revisions\/2664"}],"up":[{"embeddable":true,"href":"https:\/\/www.amicio-oberstimm.de\/index.php?rest_route=\/wp\/v2\/pages\/2655"}],"wp:attachment":[{"href":"https:\/\/www.amicio-oberstimm.de\/index.php?rest_route=%2Fwp%2Fv2%2Fmedia&parent=1709"}],"curies":[{"name":"wp","href":"https:\/\/api.w.org\/{rel}","templated":true}]}}