{"id":1712,"date":"2013-07-06T11:00:56","date_gmt":"2013-07-06T11:00:56","guid":{"rendered":"http:\/\/www.amicio-oberstimm.de\/?page_id=1712"},"modified":"2013-12-25T10:24:27","modified_gmt":"2013-12-25T10:24:27","slug":"gaufredl-bobbycar-in-der-donau","status":"publish","type":"page","link":"https:\/\/www.amicio-oberstimm.de\/?page_id=1712","title":{"rendered":"GauFredl &#8211; Bobbycar in der Donau"},"content":{"rendered":"ngg_shortcode_0_placeholder\n<p><strong><br \/>\nBist Du der Bobbycarbergsteiger ?<\/strong><\/p>\n<p>Am 11.08.2012 um ca. 17:00 Uhr war\u2018s wieder so weit. Der zweite Einsatz f\u00fcr das Bobbycar. Der Extremsportler Alfred Gau und sein Fotograf J\u00fcrgen Metzger starteten\u00a0 ab der Donaueisenbahnbr\u00fccke zu Ihrer zweiten Mission \u201eSTOPPT \u2013 Gewalt an Kindern\u201c. Es ging flussaufw\u00e4rts vorbei am Ingolst\u00e4dter Neuen Schlo\u00df, der Donaub\u00fchne am Reduit Tilly bis zur Konrad Adenauer Br\u00fccke hinauf. Nach der beeindruckenden positiven Reaktion auf die erste Mission \u201eMit dem Bobby Car auf die Zugspitze\u201c war es f\u00fcr die Zwei eigentlich klar das diese Geschichte eine Fortsetzung haben muss.<\/p>\n<p>Doch was soll dies sein? Wenn das Bobby Car bergsteigen kann vielleicht kann es auch schwimmen, meinte meine Tochter Franziska! Am Donnertag letzter Woche war dann also die Bobby Car-Generalprobe am neuen Donaupegelh\u00e4uschen in der Donau. Nach einigen wackeligen Schwimmeinlagen hatten wir\u2019s im Griff. Dabei wurde ich von meinen Triathlonkollegen vom SC Delphin Ingolstadt tatkr\u00e4ftig unterst\u00fctzt. Zu guter Letzt fanden wir noch einen frisch versenkten Motorroller in der Donau, dies wiederrum l\u00f6ste einen Polizei und Feuerwehreinsatz aus. Das passte wie die Faust auf\u2018s Auge zu dieser Geschichte!<br \/>\nBobby Car trifft auf Motorroller. Die Generalprobe war also ein voller Erfolg!<\/p>\n<p>An der Donaub\u00fchne angekommen wurde ich von einer gro\u00dfen Schar Kinder empfangen! Sie hatten Fragen \u00fcber Fragen! Wie halt Kinder so sind! Neugierig, unbek\u00fcmmert, wissenshungrig und keine Scheu zu fragen wenn Sie in einer kinderfreundlichen Umgebung aufwachsen k\u00f6nnen.<br \/>\nHier einige Fragen und Kommentare der Kinder:<br \/>\nSchau mal Papa da ist der Bobbycarbergsteiger! Warum machst Du das? Schwimmst Du jetzt ins Schwarze Meer? Wie f\u00fchlt sich das Donauwasser an? Gibt\u2019s da Fische drin? Bist Du der Bobbycarman? Haben die armen Kinder auf der Erde keine Brezn? Ich schicke denen mal eine! Was essen die Kinder dort dann? Gibt\u2019s da keine Kuchen fragte ein M\u00e4dchen Kuchen essend! Wir haben auch ein Bobby Car zuhause aber viele Kinder auf der ganzen Welt nicht! Spielen die auch? Warum haben das andere Kinder nicht? Was ist da los? Usw.!<br \/>\nWir waren tief beeindruckt von alledem!<br \/>\nWir wollen darauf aufmerksam machen das jeder von und wenn\u2018s nur ein kleiner Beitrag ist, etwas \u00e4ndern kann!<br \/>\nSchon ein kleiner Schritt kann gro\u00dfes Bewegen !<\/p>\n<p>Berg Heil und Gl\u00fcck Auf !!!<br \/>\nvom Steinfredl und J\u00fcrgen Metzger<\/p>\n","protected":false},"excerpt":{"rendered":"<p>Bist Du der Bobbycarbergsteiger ? Am 11.08.2012 um ca. 17:00 Uhr war\u2018s wieder so weit. Der zweite Einsatz f\u00fcr das Bobbycar. Der Extremsportler Alfred Gau und sein Fotograf J\u00fcrgen Metzger &hellip; <a title=\"GauFredl &#8211; Bobbycar in der Donau\" class=\"hm-read-more\" href=\"https:\/\/www.amicio-oberstimm.de\/?page_id=1712\"><span class=\"screen-reader-text\">GauFredl &#8211; Bobbycar in der Donau<\/span>Weiterlesen<\/a><\/p>\n","protected":false},"author":1,"featured_media":0,"parent":2655,"menu_order":58,"comment_status":"open","ping_status":"closed","template":"","meta":{"ngg_post_thumbnail":0,"footnotes":""},"class_list":["post-1712","page","type-page","status-publish","hentry"],"amp_enabled":true,"_links":{"self":[{"href":"https:\/\/www.amicio-oberstimm.de\/index.php?rest_route=\/wp\/v2\/pages\/1712","targetHints":{"allow":["GET"]}}],"collection":[{"href":"https:\/\/www.amicio-oberstimm.de\/index.php?rest_route=\/wp\/v2\/pages"}],"about":[{"href":"https:\/\/www.amicio-oberstimm.de\/index.php?rest_route=\/wp\/v2\/types\/page"}],"author":[{"embeddable":true,"href":"https:\/\/www.amicio-oberstimm.de\/index.php?rest_route=\/wp\/v2\/users\/1"}],"replies":[{"embeddable":true,"href":"https:\/\/www.amicio-oberstimm.de\/index.php?rest_route=%2Fwp%2Fv2%2Fcomments&post=1712"}],"version-history":[{"count":6,"href":"https:\/\/www.amicio-oberstimm.de\/index.php?rest_route=\/wp\/v2\/pages\/1712\/revisions"}],"predecessor-version":[{"id":2663,"href":"https:\/\/www.amicio-oberstimm.de\/index.php?rest_route=\/wp\/v2\/pages\/1712\/revisions\/2663"}],"up":[{"embeddable":true,"href":"https:\/\/www.amicio-oberstimm.de\/index.php?rest_route=\/wp\/v2\/pages\/2655"}],"wp:attachment":[{"href":"https:\/\/www.amicio-oberstimm.de\/index.php?rest_route=%2Fwp%2Fv2%2Fmedia&parent=1712"}],"curies":[{"name":"wp","href":"https:\/\/api.w.org\/{rel}","templated":true}]}}