{"id":3783,"date":"2015-12-20T10:03:41","date_gmt":"2015-12-20T09:03:41","guid":{"rendered":"http:\/\/www.amicio-oberstimm.de\/?page_id=3783"},"modified":"2026-03-12T19:53:34","modified_gmt":"2026-03-12T18:53:34","slug":"programm-2016","status":"publish","type":"page","link":"https:\/\/www.amicio-oberstimm.de\/?page_id=3783","title":{"rendered":"R\u00fcckblick 2016"},"content":{"rendered":"<p style=\"text-align: center;\">Hier findet ihr den aktuellen <strong>Rahmenterminkalender<\/strong> von AmiciO f\u00fcr das Jahr 2016.<\/p>\n<p>Es erwarten Euch wieder zahlreiche Highlights f\u00fcr kleine und gro\u00dfe Kinder, aber<br \/>\nauch f\u00fcr Jugendliche und unsere erwachsenen Mitglieder.<\/p>\n<p>09.01.2016 \u00a0\u00a0 \u00a0 AmiciO-Eislauf in der Saturn-Arena<\/p>\n<p>26.02.2016 \u00a0\u00a0\u00a0 Jahreshauptversammlung im Gasthof Euringer<\/p>\n<p>12.03.2016\u00a0\u00a0\u00a0 \u00a0 Ramadama-Aktion<\/p>\n<p>02.04.2016\u00a0\u00a0\u00a0\u00a0 Selbstverteidigungskurs f\u00fcr Jungs und M\u00e4dels von 12 \u2013 18 Jahren<\/p>\n<p>22.04.2016\u00a0\u00a0\u00a0\u00a0 Muttertagsbasteln<\/p>\n<p>04.05.2016\u00a0\u00a0\u00a0\u00a0 Graffitiaktion (Ersatztermin 11.06.2016)<\/p>\n<p>26.06.2016\u00a0\u00a0\u00a0\u00a0\u00a0 <em>AmiciO-Ausflug Bayernpark<\/em> (Ersatztermin 02.07.2016)<\/p>\n<p>16.07.2016\u00a0\u00a0\u00a0\u00a0\u00a0 Segwaytour f\u00fcr Jugendliche<\/p>\n<p>Juli 2016\u00a0\u00a0\u00a0\u00a0\u00a0\u00a0\u00a0\u00a0\u00a0 Bikeparkfest<\/p>\n<p>30.07.2016\u00a0\u00a0\u00a0\u00a0\u00a0 Ferienpass Edelsteinsuche<\/p>\n<p>26.08.2016\u00a0\u00a0\u00a0\u00a0\u00a0 Barthelmarkteinzug<\/p>\n<p>17.09.2016\u00a0\u00a0\u00a0\u00a0\u00a0\u00a0 K\u00fcrbisfest<\/p>\n<p>04.11.2016\u00a0\u00a0\u00a0\u00a0\u00a0\u00a0 Weihnachtsbasteln<\/p>\n<p>19.11.16: \u00a0 \u00a0 \u00a0 \u00a0\u00a0\u00a0 Aufbau Christkindlmarkt<\/p>\n<p>26.\/27.11.16:\u00a0 Christkindlmarkt 2016<\/p>\n<p>03.12.16:\u00a0\u00a0\u00a0\u00a0\u00a0\u00a0\u00a0 Abbau Christkindlmarkt<\/p>\n<p>10.12.2016\u00a0\u00a0\u00a0\u00a0 AmiciO-Eislauf Saturnarena<\/p>\n<p>Wie immer haben wir noch zahlreiche Projekte in Planung, die noch nicht im Kalender aufgef\u00fchrt sind. Diese werden wir rechtzeitig jeweils auf der Homepage sowie im Newsletter ver\u00f6ffentlichen.<\/p>\n<p><strong>Folgende Aktionen sind zum Beispiel aktuell noch in Vorbereitung:<br \/>\n<\/strong><br \/>\n&#8211; Vorbereitung Faschingsumzug 2017<br \/>\n&#8211; Sepp Egerer\/B\u00fccherei- Zaubererkurs<br \/>\n&#8211; Radmechanikerkurs<\/p>\n<p style=\"text-align: center;\"><strong>Details und organisatorische Dinge zu allen Termine werden<br \/>\nwie immer in unseren Newslettern bekannt gegeben!<\/strong><\/p>\n<p><em>Kursiv markierte Termine<\/em> k\u00f6nnen sich aus organisatorischen Gr\u00fcnden noch \u00e4ndern.<\/p>\n<p style=\"text-align: center;\">M\u00f6chtet Ihr in Zukunft genauere Informationen \u00fcber die Aktivit\u00e4ten unseres Vereins, dann schickt einfach eine Email an mail@amicio-oberstimm.de mit dem Betreff <strong>\u201cNewsletter\u201d<\/strong> .<\/p>\n<p><strong>\u00a0<\/strong><\/p>\n","protected":false},"excerpt":{"rendered":"<p>Hier findet ihr den aktuellen Rahmenterminkalender von AmiciO f\u00fcr das Jahr 2016. Es erwarten Euch wieder zahlreiche Highlights f\u00fcr kleine und gro\u00dfe Kinder, aber auch f\u00fcr Jugendliche und unsere erwachsenen &hellip; <a title=\"R\u00fcckblick 2016\" class=\"hm-read-more\" href=\"https:\/\/www.amicio-oberstimm.de\/?page_id=3783\"><span class=\"screen-reader-text\">R\u00fcckblick 2016<\/span>Weiterlesen<\/a><\/p>\n","protected":false},"author":1,"featured_media":0,"parent":9596,"menu_order":24,"comment_status":"closed","ping_status":"closed","template":"","meta":{"ngg_post_thumbnail":0,"footnotes":""},"class_list":["post-3783","page","type-page","status-publish","hentry"],"amp_enabled":true,"_links":{"self":[{"href":"https:\/\/www.amicio-oberstimm.de\/index.php?rest_route=\/wp\/v2\/pages\/3783","targetHints":{"allow":["GET"]}}],"collection":[{"href":"https:\/\/www.amicio-oberstimm.de\/index.php?rest_route=\/wp\/v2\/pages"}],"about":[{"href":"https:\/\/www.amicio-oberstimm.de\/index.php?rest_route=\/wp\/v2\/types\/page"}],"author":[{"embeddable":true,"href":"https:\/\/www.amicio-oberstimm.de\/index.php?rest_route=\/wp\/v2\/users\/1"}],"replies":[{"embeddable":true,"href":"https:\/\/www.amicio-oberstimm.de\/index.php?rest_route=%2Fwp%2Fv2%2Fcomments&post=3783"}],"version-history":[{"count":14,"href":"https:\/\/www.amicio-oberstimm.de\/index.php?rest_route=\/wp\/v2\/pages\/3783\/revisions"}],"predecessor-version":[{"id":4386,"href":"https:\/\/www.amicio-oberstimm.de\/index.php?rest_route=\/wp\/v2\/pages\/3783\/revisions\/4386"}],"up":[{"embeddable":true,"href":"https:\/\/www.amicio-oberstimm.de\/index.php?rest_route=\/wp\/v2\/pages\/9596"}],"wp:attachment":[{"href":"https:\/\/www.amicio-oberstimm.de\/index.php?rest_route=%2Fwp%2Fv2%2Fmedia&parent=3783"}],"curies":[{"name":"wp","href":"https:\/\/api.w.org\/{rel}","templated":true}]}}