{"id":4387,"date":"2017-01-14T17:50:13","date_gmt":"2017-01-14T16:50:13","guid":{"rendered":"http:\/\/www.amicio-oberstimm.de\/?page_id=4387"},"modified":"2026-03-12T19:53:28","modified_gmt":"2026-03-12T18:53:28","slug":"programm-2017","status":"publish","type":"page","link":"https:\/\/www.amicio-oberstimm.de\/?page_id=4387","title":{"rendered":"R\u00fcckblick 2017"},"content":{"rendered":"<p>Hier findet ihr den aktuellen <strong>Rahmenterminkalender<\/strong> von AmiciO f\u00fcr das Jahr 2017.<\/p>\n<p>Es erwarten Euch wieder zahlreiche Highlights f\u00fcr kleine und gro\u00dfe Kinder, aber<br \/>\nauch f\u00fcr Jugendliche und unsere erwachsenen Mitglieder.<\/p>\n<p>27.01.2017 \u00a0 \u00a0 \u00a0 Faschingsbasteln Kurs 1<\/p>\n<p>03.02. 2017\u00a0\u00a0\u00a0\u00a0 Faschingsbasteln Kurs 2<\/p>\n<p>26.02.2017\u00a0\u00a0\u00a0\u00a0\u00a0 Teilnahme am Faschingsumzug in Manching<\/p>\n<p>10.03.2017 \u00a0 \u00a0\u00a0 Jahreshauptversammlung im Gasthof Euringer<\/p>\n<p>24.03. 2017\u00a0\u00a0\u00a0 Yoga 15-16Uhr ab 1. Klasse\/ 16.15- 17:15 Uhr ab 5. Klasse<\/p>\n<p>31.03.2017\u00a0\u00a0\u00a0\u00a0\u00a0 Yoga 15-16Uhr\/ 16.15- 17:15 Uhr(s. o.)<\/p>\n<p>28.04.2017\u00a0\u00a0\u00a0 Muttertagsbasteln (Haus der B\u00e4uerin)<\/p>\n<p>19.05. 2017\u00a0\u00a0\u00a0\u00a0 INTV Familien-Senderf\u00fchrung 17 Uhr<\/p>\n<p>13.06.2017 \u00a0 \u00a0 \u00a0 Mosaikkurs 14 Uhr mit der K\u00fcnstlerin Caroline Jung<\/p>\n<p>Juni \u00a0 \u00a0 \u00a0 \u00a0 \u00a0 \u00a0 \u00a0 \u00a0\u00a0 Bienen\/Pflanzen Aktionstag in Zuchering<\/p>\n<p>Juni\/Juli\u00a0\u00a0\u00a0\u00a0\u00a0\u00a0\u00a0\u00a0 Segelflugtag<\/p>\n<p>24.06.2017 \u00a0 \u00a0\u00a0 Vereinsausflug bayr. Wald,Waldwipfelweg\/Sommerrodelbahn<\/p>\n<p>29.07.2017 \u00a0 \u00a0\u00a0 Ferienpass &#8211; Edelsteinsuche<\/p>\n<p>25.08.2017 \u00a0 \u00a0\u00a0 Barthelmarkteinzug<\/p>\n<p>16.09.2017 \u00a0 \u00a0\u00a0 K\u00fcrbisfest<\/p>\n<p>20.10. 2017\u00a0\u00a0\u00a0\u00a0 Basteln in der Bibliothek Manching<\/p>\n<p>03.11.2017 \u00a0 \u00a0 \u00a0 N\u00e4hkurs (Haus der B\u00e4urin)<\/p>\n<p>25.11. 2017\u00a0\u00a0\u00a0\u00a0\u00a0 Aufbau Christkindlmarkt<\/p>\n<p>Dezember \u00a0 \u00a0 \u00a0 Schanzer Puppentheater<\/p>\n<p>02.\/03.12.2017\u00a0 15. Oberstimmer Christkindlmarkt<\/p>\n<p>09.12.2017 \u00a0 \u00a0 \u00a0 Abbau Christkindlmarkt<\/p>\n<p>In Vorbereitung:<br \/>\nFlo\u00df\/Bootstour, Grafitti, Lasertag, GoCart u.v.<\/p>\n<p>Wie immer haben wir noch zahlreiche Projekte in Planung, die noch nicht im Kalender aufgef\u00fchrt sind. Diese werden wir rechtzeitig jeweils auf der Homepage sowie im Newsletter ver\u00f6ffentlichen.<\/p>\n<p><strong>Details und organisatorische Dinge zu allen Termine werden<br \/>\nwie immer in unseren Newslettern bekannt gegeben!<\/strong><\/p>\n<p><em>Kursiv markierte Termine<\/em> k\u00f6nnen sich aus organisatorischen Gr\u00fcnden noch \u00e4ndern.<\/p>\n<p>M\u00f6chtet Ihr in Zukunft genauere Informationen \u00fcber die Aktivit\u00e4ten unseres Vereins, dann schickt einfach eine Email an mail@amicio-oberstimm.de mit dem Betreff <strong>\u201cNewsletter\u201d<\/strong> .<\/p>\n","protected":false},"excerpt":{"rendered":"<p>Hier findet ihr den aktuellen Rahmenterminkalender von AmiciO f\u00fcr das Jahr 2017. Es erwarten Euch wieder zahlreiche Highlights f\u00fcr kleine und gro\u00dfe Kinder, aber auch f\u00fcr Jugendliche und unsere erwachsenen &hellip; <a title=\"R\u00fcckblick 2017\" class=\"hm-read-more\" href=\"https:\/\/www.amicio-oberstimm.de\/?page_id=4387\"><span class=\"screen-reader-text\">R\u00fcckblick 2017<\/span>Weiterlesen<\/a><\/p>\n","protected":false},"author":1,"featured_media":0,"parent":9596,"menu_order":23,"comment_status":"closed","ping_status":"closed","template":"","meta":{"ngg_post_thumbnail":0,"footnotes":""},"class_list":["post-4387","page","type-page","status-publish","hentry"],"amp_enabled":true,"_links":{"self":[{"href":"https:\/\/www.amicio-oberstimm.de\/index.php?rest_route=\/wp\/v2\/pages\/4387","targetHints":{"allow":["GET"]}}],"collection":[{"href":"https:\/\/www.amicio-oberstimm.de\/index.php?rest_route=\/wp\/v2\/pages"}],"about":[{"href":"https:\/\/www.amicio-oberstimm.de\/index.php?rest_route=\/wp\/v2\/types\/page"}],"author":[{"embeddable":true,"href":"https:\/\/www.amicio-oberstimm.de\/index.php?rest_route=\/wp\/v2\/users\/1"}],"replies":[{"embeddable":true,"href":"https:\/\/www.amicio-oberstimm.de\/index.php?rest_route=%2Fwp%2Fv2%2Fcomments&post=4387"}],"version-history":[{"count":9,"href":"https:\/\/www.amicio-oberstimm.de\/index.php?rest_route=\/wp\/v2\/pages\/4387\/revisions"}],"predecessor-version":[{"id":4890,"href":"https:\/\/www.amicio-oberstimm.de\/index.php?rest_route=\/wp\/v2\/pages\/4387\/revisions\/4890"}],"up":[{"embeddable":true,"href":"https:\/\/www.amicio-oberstimm.de\/index.php?rest_route=\/wp\/v2\/pages\/9596"}],"wp:attachment":[{"href":"https:\/\/www.amicio-oberstimm.de\/index.php?rest_route=%2Fwp%2Fv2%2Fmedia&parent=4387"}],"curies":[{"name":"wp","href":"https:\/\/api.w.org\/{rel}","templated":true}]}}