{"id":5,"date":"2011-03-18T20:16:21","date_gmt":"2011-03-18T19:16:21","guid":{"rendered":"http:\/\/www.amicio-oberstimm.de\/wordpress\/?page_id=5"},"modified":"2026-03-12T19:51:00","modified_gmt":"2026-03-12T18:51:00","slug":"programm-2011","status":"publish","type":"page","link":"https:\/\/www.amicio-oberstimm.de\/?page_id=5","title":{"rendered":"R\u00fcckblick 2011"},"content":{"rendered":"<p style=\"text-align: center;\"><strong>Ein kurzer R\u00fcckblick auf unsere Veranstaltungen und Aktivit\u00e4ten in 2011<\/strong><\/p>\n<p style=\"text-align: center;\"><strong><a href=\"https:\/\/www.amicio-oberstimm.de\/wp-content\/uploads\/2011\/03\/AmiciO_Jahresprogramm_20111.pdf\">Druckversion<\/a> des Veranstaltungskalender 2011<\/strong> &#8211;<\/p>\n<p><strong>13.03.11:<\/strong> Schlittschuhlaufen Saturnarena 14:00 bis 16:00 Uhr<br \/>\n<em>Bilder von AmiciO on Ice findest Du in unserer <a title=\"Schlittschuhlaufen 2011\" href=\"https:\/\/www.amicio-oberstimm.de\/?page_id=134\">Bildergalerie<\/a><\/em><\/p>\n<p><strong>M\u00e4rz\/April 11: <\/strong>Yogakurs f\u00fcr Kinder von 7-10 Jahren sowie 11-18 Jahren<br \/>\n<em>Erste Impressionen des Kurses gibt es <a title=\"Yogakurs 2011\" href=\"https:\/\/www.amicio-oberstimm.de\/?page_id=246\">hier<\/a><\/em><br \/>\n<strong><br \/>\n26.03.11:<\/strong> Ramadama war Ende M\u00e4rz<br \/>\n<em>Bilder der Aufr\u00e4umaktion gibt es in der <a title=\"Ramadama 2011\" href=\"https:\/\/www.amicio-oberstimm.de\/?page_id=326\">Bildergalerie <\/a><\/em><a title=\"Ramadama 2011\" href=\"https:\/\/www.amicio-oberstimm.de\/?page_id=326\"><em> <\/em><br \/>\n<\/a><\/p>\n<p><strong>23.03.11<\/strong>: Fliesen bemalen<br \/>\n<em>Die Bilder findest Du <a title=\"Fliesen Malen 2011\" href=\"https:\/\/www.amicio-oberstimm.de\/?page_id=329\">hier<\/a><\/em><\/p>\n<p><strong>26.04.11:<\/strong> Muttertagsbasteln Filzen<br \/>\n<em><a title=\"Muttertagsgeschenk 2011\" href=\"https:\/\/www.amicio-oberstimm.de\/?page_id=440\">Hier<\/a> gibts die Fotos vom Basteln<br \/>\n<\/em><\/p>\n<p><strong>28.04.11:<\/strong> Schnupperkurs Reiten im Reitstall am Keltentor<br \/>\n<em>Impressionen in der <a title=\"Reiten 2011\" href=\"https:\/\/www.amicio-oberstimm.de\/?page_id=438\">Bildergalerie<\/a><br \/>\n<\/em><\/p>\n<p><strong>April\/Mai 11: <\/strong>Trommelworkshop f\u00fcr Kinder ab der 4. Klasse<br \/>\nBilder findet Ihr <a title=\"Trommeln 2011\" href=\"https:\/\/www.amicio-oberstimm.de\/?page_id=466\">hier<\/a><br \/>\n<em><\/em><\/p>\n<p><strong>21.05.11:<\/strong> Vereinsausflug zum Skylinepark<br \/>\n<em><a title=\"Skylinepark 2011\" href=\"https:\/\/www.amicio-oberstimm.de\/?page_id=468\">Hier<\/a> sind die Bilder von diesem sonnigen Ausflug&#8230;<br \/>\n<\/em><\/p>\n<p><strong>27.05.11:<\/strong> Venezianische Masken basteln<em><br \/>\n<a title=\"Bilder vom Masken Basteln\" href=\"https:\/\/www.amicio-oberstimm.de\/?p=531\" target=\"_blank\" rel=\"noopener\">Link<\/a> zu den Bildern<br \/>\n<\/em><\/p>\n<p><strong>03.06.11<\/strong><em>: <\/em>Sound und Light Event am Bikeparkgel\u00e4nde in Pichl inkl. Photoshooting<br \/>\n<em>Die Pics dazu findet Ihr <a title=\"Bikeparkfest 2011\" href=\"https:\/\/www.amicio-oberstimm.de\/?page_id=515\" target=\"_blank\" rel=\"noopener\">hier<\/a><br \/>\n<\/em><\/p>\n<p><strong>4.06. oder 5.06.11:<\/strong> Segelfliegen am Flughafen Manching<br \/>\n<em>Entf\u00e4llt leider wegen baulichen Ma\u00dfnahmen an der Startbahn; wird evtl. zu einem sp\u00e4teren Zeitpunkt nachgeholt<\/em><\/p>\n<p><strong>02.07.11:<\/strong> AmiciO Sommerfest am Bikepark in Pichl; Beginn: 14.00 Uhr<br \/>\n<em>Auch hierzu findet Ihr die Bilder in unserer <a title=\"Bilder vom Sommerfest 2011 am Bikepark\" href=\"https:\/\/www.amicio-oberstimm.de\/?p=555\" target=\"_blank\" rel=\"noopener\">Bildergalerie<\/a><\/em><\/p>\n<p><strong>06.08.2011:<\/strong> Hopfenwanderung<br \/>\n<em>Wie gewohnt gibt es die Bilder<a title=\"Hopfenf\u00fchrung 2011\" href=\"https:\/\/www.amicio-oberstimm.de\/?page_id=617\"> hier<\/a>&#8230;<\/em><em><\/em><\/p>\n<p><strong>26.08.11: <\/strong>Barthelmarkteinzug<br \/>\n<em>Auch<a title=\"Barthelmarkteinzug 2011\" href=\"https:\/\/www.amicio-oberstimm.de\/?page_id=647\"> hier<\/a> war unser Fotograf dabei&#8230;<br \/>\n<\/em><\/p>\n<p><strong>17.09.11:<\/strong> K\u00fcrbisfest<br \/>\nDie wilden K\u00fcrbisse und skurillen Figuren k\u00f6nnt Ihr <a title=\"K\u00fcrbisfest 2011\" href=\"https:\/\/www.amicio-oberstimm.de\/?page_id=662\">hier<\/a> nochmals bestaunen.<\/p>\n<p><strong>29.11.11:<\/strong> Aufbau Christkindlmarkt<br \/>\n<strong>26.11.\/27.11.11:<\/strong> Christkindlmarkt<br \/>\n<strong>03.12.11:<\/strong> Abbau Christkindlmarkt<\/p>\n<p>Jede Menge <a title=\"Fotofreunde auf dem CM2011\" href=\"https:\/\/www.amicio-oberstimm.de\/?page_id=773\">Bilder vom Christkindlmarkt<\/a> gibt es dieses Mal dank dem Fotoclub Ingolstadt.<\/p>\n<p>M\u00f6chte Sie in Zukunft genauere Informationen \u00fcber die Aktivit\u00e4ten unseres Vereins, dann schicken Sie einfach eine Email an <a href=\"mailto:mail@amicio-oberstimm.de\">mail@amicio-oberstimm.de<\/a> mit dem Betreff \u201cNewsletter\u201d .<\/p>\n","protected":false},"excerpt":{"rendered":"<p>Ein kurzer R\u00fcckblick auf unsere Veranstaltungen und Aktivit\u00e4ten in 2011 Druckversion des Veranstaltungskalender 2011 &#8211; 13.03.11: Schlittschuhlaufen Saturnarena 14:00 bis 16:00 Uhr Bilder von AmiciO on Ice findest Du in &hellip; <a title=\"R\u00fcckblick 2011\" class=\"hm-read-more\" href=\"https:\/\/www.amicio-oberstimm.de\/?page_id=5\"><span class=\"screen-reader-text\">R\u00fcckblick 2011<\/span>Weiterlesen<\/a><\/p>\n","protected":false},"author":1,"featured_media":0,"parent":9596,"menu_order":29,"comment_status":"closed","ping_status":"closed","template":"","meta":{"ngg_post_thumbnail":0,"footnotes":""},"class_list":["post-5","page","type-page","status-publish","hentry"],"amp_enabled":true,"_links":{"self":[{"href":"https:\/\/www.amicio-oberstimm.de\/index.php?rest_route=\/wp\/v2\/pages\/5","targetHints":{"allow":["GET"]}}],"collection":[{"href":"https:\/\/www.amicio-oberstimm.de\/index.php?rest_route=\/wp\/v2\/pages"}],"about":[{"href":"https:\/\/www.amicio-oberstimm.de\/index.php?rest_route=\/wp\/v2\/types\/page"}],"author":[{"embeddable":true,"href":"https:\/\/www.amicio-oberstimm.de\/index.php?rest_route=\/wp\/v2\/users\/1"}],"replies":[{"embeddable":true,"href":"https:\/\/www.amicio-oberstimm.de\/index.php?rest_route=%2Fwp%2Fv2%2Fcomments&post=5"}],"version-history":[{"count":45,"href":"https:\/\/www.amicio-oberstimm.de\/index.php?rest_route=\/wp\/v2\/pages\/5\/revisions"}],"predecessor-version":[{"id":6669,"href":"https:\/\/www.amicio-oberstimm.de\/index.php?rest_route=\/wp\/v2\/pages\/5\/revisions\/6669"}],"up":[{"embeddable":true,"href":"https:\/\/www.amicio-oberstimm.de\/index.php?rest_route=\/wp\/v2\/pages\/9596"}],"wp:attachment":[{"href":"https:\/\/www.amicio-oberstimm.de\/index.php?rest_route=%2Fwp%2Fv2%2Fmedia&parent=5"}],"curies":[{"name":"wp","href":"https:\/\/api.w.org\/{rel}","templated":true}]}}